{"id":92,"date":"2021-11-01T01:05:36","date_gmt":"2021-11-01T00:05:36","guid":{"rendered":"http:\/\/skokporekord.pl\/?page_id=92"},"modified":"2021-11-01T18:56:10","modified_gmt":"2021-11-01T17:56:10","slug":"antoni_tolkaczewski","status":"publish","type":"page","link":"http:\/\/skokporekord.pl\/?page_id=92","title":{"rendered":"Antoni\u00a0To\u0142kaczewski (1933-2021)"},"content":{"rendered":"<header class=\"entry-header\">\n<h1 class=\"main-title\"><img loading=\"lazy\" decoding=\"async\" class=\"attachment-post-thumbnail size-post-thumbnail wp-post-image\" style=\"font-size: 16px;\" src=\"https:\/\/olimpijski.pl\/wp-content\/uploads\/2020\/06\/Antoni_Tolkaczewski.jpg\" sizes=\"auto, (max-width: 430px) 100vw, 430px\" srcset=\"https:\/\/olimpijski.pl\/wp-content\/uploads\/2020\/06\/Antoni_Tolkaczewski.jpg 430w, https:\/\/olimpijski.pl\/wp-content\/uploads\/2020\/06\/Antoni_Tolkaczewski-236x300.jpg 236w\" alt=\"\" width=\"430\" height=\"546\" \/><\/h1>\n<\/header>\n<div class=\"featured-image page-header-image-single add-bg float-right \">\n<div class=\"olympic-bg\">\n<h1 class=\"main-title\"><strong>Antoni To\u0142kaczewski<\/strong><\/h1>\n<\/div>\n<\/div>\n<div class=\"olympic_information\">\n<div class=\"rewards\"><strong style=\"font-size: 16px;\">prawnik, czo\u0142owy polski p\u0142ywak lat pi\u0119\u0107dziesi\u0105tych, wielokrotny mistrz i rekordzista Polski, olimpijczyk z Helsinek (1952).<\/strong><\/div>\n<\/div>\n<div class=\"entry-content\">\n<p>Urodzony 29 grudnia 1933 w Warszawie, absolwent Wydzia\u0142u Prawa Uniwersytetu Wroc\u0142awskiego (magister praw). P\u0142ywak (specjalista w stylu dowolnym), reprezentant klub\u00f3w wroc\u0142awskich: Sparty \u2013 Ogniwa (1950-1955) i \u015al\u0119zy (1956-1958). Wszystkie sportowe osi\u0105gni\u0119cia zawdzi\u0119cza opiece trenerskiej ma\u0142\u017conk\u00f3w: Alfredy (w\u0142a\u015bc. Elfride B\u00f6hm) i Zdzis\u0142awowi Naborczykom. 10-krotny mistrz Polski: 100 m dow. (1952, 1954, 1955, 1956), 200 m dow. (1952, 1953, 1955, 1956), 400 m dow. (1955, 1956). 15-krotny rekordzista Polski (basen 25 m): 50 m dow. \u2013 27,0 (3.03.1952 Wroc\u0142aw), 100 m dow. -1.00,2 (24.02.1952 Wroc\u0142aw), 1.00,1 (7.08.1952 Siemianowice), 59,8 (12.10.1952 Wroc\u0142aw), 58,8 (15.03.1953 Wroc\u0142aw), 58,6 (15.11.1953 Pozna\u0144), 58,4 (22.07.1954 Warszawa), 58,4 (1955), 58,1 (19.08.1956 Varberg); 200 m dow. \u2013 2.16,7 (16.03.1952 Wroc\u0142aw), 2.15,7 (24.05.1952 Warszawa), 2.13,3 (17.05.1953 Wroc\u0142aw), 2.10,3 (27.03.1955 Pozna\u0144), 2.10,2 (6.08.1956 Warszawa); 100 m mot. \u2013 1.08,8 (1954).<br \/>\nZmar\u0142 08 wrze\u015bnia 2021 r. we Wroc\u0142awiu<\/p>\n<p><strong>*1952 Helsinki: p\u0142ywanie, 4\u00d7200 m dow.<\/strong>\u00a0\u2013 5 m. w\u00a0przedb. (6 zesp.) z czasem 9.13,7, odp. z\u00a0 konk. (zw. USA \u2013 8.31,1) Partnerami w\u00a0sztafecie byli:\u00a0J. Boniecki, G.\u00a0Gremlowski i\u00a0J.\u00a0Lewicki.<\/p>\n<p><em>Bibl.:\u00a0G\u0142uszek,\u00a0 Leksykon 1999, s.\u00a0352 (tu brak danych biograficznych);\u00a0Pawlak, Olimpijczycy, s. 266;\u00a0 Wa\u015bko, Kr\u00f3tki basen, s. 3, 4, 5, 13; Kronika\u00a0Sportu,s. 965, 966;\u00a0Tuliszka,\u00a080 lat PZP, s. 111, 132.<\/em><\/p>\n<p>\u0179r\u00f3d\u0142o: https:\/\/olimpijski.pl\/olimpijczycy\/antoni-tolkaczewski\/<\/p>\n<\/div>\n","protected":false},"excerpt":{"rendered":"<p>Antoni To\u0142kaczewski prawnik, czo\u0142owy polski p\u0142ywak lat pi\u0119\u0107dziesi\u0105tych, wielokrotny mistrz i rekordzista Polski, olimpijczyk z Helsinek (1952). Urodzony 29 grudnia 1933 w Warszawie, absolwent Wydzia\u0142u Prawa Uniwersytetu Wroc\u0142awskiego (magister praw). P\u0142ywak (specjalista w stylu dowolnym), reprezentant klub\u00f3w wroc\u0142awskich: Sparty \u2013 &hellip; <a href=\"http:\/\/skokporekord.pl\/?page_id=92\">Continue reading <span class=\"meta-nav\">&rarr;<\/span><\/a><\/p>\n","protected":false},"author":1,"featured_media":0,"parent":79,"menu_order":0,"comment_status":"closed","ping_status":"closed","template":"","meta":{"footnotes":""},"class_list":["post-92","page","type-page","status-publish","hentry"],"_links":{"self":[{"href":"http:\/\/skokporekord.pl\/index.php?rest_route=\/wp\/v2\/pages\/92","targetHints":{"allow":["GET"]}}],"collection":[{"href":"http:\/\/skokporekord.pl\/index.php?rest_route=\/wp\/v2\/pages"}],"about":[{"href":"http:\/\/skokporekord.pl\/index.php?rest_route=\/wp\/v2\/types\/page"}],"author":[{"embeddable":true,"href":"http:\/\/skokporekord.pl\/index.php?rest_route=\/wp\/v2\/users\/1"}],"replies":[{"embeddable":true,"href":"http:\/\/skokporekord.pl\/index.php?rest_route=%2Fwp%2Fv2%2Fcomments&post=92"}],"version-history":[{"count":4,"href":"http:\/\/skokporekord.pl\/index.php?rest_route=\/wp\/v2\/pages\/92\/revisions"}],"predecessor-version":[{"id":104,"href":"http:\/\/skokporekord.pl\/index.php?rest_route=\/wp\/v2\/pages\/92\/revisions\/104"}],"up":[{"embeddable":true,"href":"http:\/\/skokporekord.pl\/index.php?rest_route=\/wp\/v2\/pages\/79"}],"wp:attachment":[{"href":"http:\/\/skokporekord.pl\/index.php?rest_route=%2Fwp%2Fv2%2Fmedia&parent=92"}],"curies":[{"name":"wp","href":"https:\/\/api.w.org\/{rel}","templated":true}]}}