{"id":79,"date":"2021-11-01T00:58:47","date_gmt":"2021-10-31T23:58:47","guid":{"rendered":"http:\/\/skokporekord.pl\/?page_id=79"},"modified":"2023-06-19T01:13:43","modified_gmt":"2023-06-18T23:13:43","slug":"biogramy","status":"publish","type":"page","link":"http:\/\/skokporekord.pl\/?page_id=79","title":{"rendered":"Biogramy"},"content":{"rendered":"<p>Strona po\u015bwi\u0119cona prezentacji wybitnych wroc\u0142awskich p\u0142ywak\u00f3w:<\/p>\n<p><a href=\"http:\/\/skokporekord.pl\/?page_id=172\">Leszek Drogo\u0144<\/a><\/p>\n<p><a href=\"http:\/\/skokporekord.pl\/?page_id=81\">J\u00f3zef Lewicki<\/a><\/p>\n<p><a href=\"http:\/\/skokporekord.pl\/?page_id=121&amp;preview=true\">Zygmunt Merchelski<\/a><\/p>\n<p><a href=\"http:\/\/skokporekord.pl\/?page_id=88\">Marek Petrusewicz<\/a><\/p>\n<p><a href=\"http:\/\/skokporekord.pl\/?page_id=192\">Ryszard Po\u0142omski<\/a><\/p>\n<p><a href=\"http:\/\/skokporekord.pl\/?page_id=137\">Krzysztof \u015al\u0119czka<\/a><\/p>\n<p><a href=\"http:\/\/skokporekord.pl\/?page_id=92\">Antoni To\u0142kaczewski<\/a><\/p>\n<p>&nbsp;<\/p>\n","protected":false},"excerpt":{"rendered":"<p>Strona po\u015bwi\u0119cona prezentacji wybitnych wroc\u0142awskich p\u0142ywak\u00f3w: Leszek Drogo\u0144 J\u00f3zef Lewicki Zygmunt Merchelski Marek Petrusewicz Ryszard Po\u0142omski Krzysztof \u015al\u0119czka Antoni To\u0142kaczewski &nbsp;<\/p>\n","protected":false},"author":1,"featured_media":0,"parent":0,"menu_order":0,"comment_status":"closed","ping_status":"closed","template":"","meta":{"footnotes":""},"class_list":["post-79","page","type-page","status-publish","hentry"],"_links":{"self":[{"href":"http:\/\/skokporekord.pl\/index.php?rest_route=\/wp\/v2\/pages\/79","targetHints":{"allow":["GET"]}}],"collection":[{"href":"http:\/\/skokporekord.pl\/index.php?rest_route=\/wp\/v2\/pages"}],"about":[{"href":"http:\/\/skokporekord.pl\/index.php?rest_route=\/wp\/v2\/types\/page"}],"author":[{"embeddable":true,"href":"http:\/\/skokporekord.pl\/index.php?rest_route=\/wp\/v2\/users\/1"}],"replies":[{"embeddable":true,"href":"http:\/\/skokporekord.pl\/index.php?rest_route=%2Fwp%2Fv2%2Fcomments&post=79"}],"version-history":[{"count":7,"href":"http:\/\/skokporekord.pl\/index.php?rest_route=\/wp\/v2\/pages\/79\/revisions"}],"predecessor-version":[{"id":194,"href":"http:\/\/skokporekord.pl\/index.php?rest_route=\/wp\/v2\/pages\/79\/revisions\/194"}],"wp:attachment":[{"href":"http:\/\/skokporekord.pl\/index.php?rest_route=%2Fwp%2Fv2%2Fmedia&parent=79"}],"curies":[{"name":"wp","href":"https:\/\/api.w.org\/{rel}","templated":true}]}}