{"id":26,"date":"2021-10-16T21:46:20","date_gmt":"2021-10-16T19:46:20","guid":{"rendered":"http:\/\/skokporekord.pl\/?page_id=26"},"modified":"2021-10-22T14:06:08","modified_gmt":"2021-10-22T12:06:08","slug":"kontakt","status":"publish","type":"page","link":"http:\/\/skokporekord.pl\/?page_id=26","title":{"rendered":"Kontakt"},"content":{"rendered":"<p><strong>Stowarzyszenie &#8220;Skok po rekord&#8221;<br \/>\n<\/strong>ul. Borowska 1-3<br \/>\n50-529 Wroc\u0142aw<br \/>\n<em>(przy Dolno\u015bl\u0105skim Okr\u0119gowym Zwi\u0105zku P\u0142ywackim)<\/em><\/p>\n<p>mail: <a href=\"mailto:&#115;kok&#112;o&#114;&#101;&#107;&#111;r&#100;&#064;g&#109;a&#105;&#108;.co&#109;\">sk&#111;kpore&#107;o&#114;&#100;&#64;g&#109;ai&#108;.&#99;om<\/a><\/p>\n<p>Tel. 518 585 881 &#8211; Witold Wasilewski (Prezes)<\/p>\n<p>KRS 0000909032<br \/>\nNIP 8992901962<br \/>\nREGON 389394233<\/p>\n","protected":false},"excerpt":{"rendered":"<p>Stowarzyszenie &#8220;Skok po rekord&#8221; ul. Borowska 1-3 50-529 Wroc\u0142aw (przy Dolno\u015bl\u0105skim Okr\u0119gowym Zwi\u0105zku P\u0142ywackim) mail: Tel. 518 585 881 &#8211; Witold Wasilewski (Prezes) KRS 0000909032 NIP 8992901962 REGON 389394233<\/p>\n","protected":false},"author":1,"featured_media":0,"parent":0,"menu_order":0,"comment_status":"closed","ping_status":"closed","template":"","meta":{"footnotes":""},"class_list":["post-26","page","type-page","status-publish","hentry"],"_links":{"self":[{"href":"http:\/\/skokporekord.pl\/index.php?rest_route=\/wp\/v2\/pages\/26","targetHints":{"allow":["GET"]}}],"collection":[{"href":"http:\/\/skokporekord.pl\/index.php?rest_route=\/wp\/v2\/pages"}],"about":[{"href":"http:\/\/skokporekord.pl\/index.php?rest_route=\/wp\/v2\/types\/page"}],"author":[{"embeddable":true,"href":"http:\/\/skokporekord.pl\/index.php?rest_route=\/wp\/v2\/users\/1"}],"replies":[{"embeddable":true,"href":"http:\/\/skokporekord.pl\/index.php?rest_route=%2Fwp%2Fv2%2Fcomments&post=26"}],"version-history":[{"count":7,"href":"http:\/\/skokporekord.pl\/index.php?rest_route=\/wp\/v2\/pages\/26\/revisions"}],"predecessor-version":[{"id":42,"href":"http:\/\/skokporekord.pl\/index.php?rest_route=\/wp\/v2\/pages\/26\/revisions\/42"}],"wp:attachment":[{"href":"http:\/\/skokporekord.pl\/index.php?rest_route=%2Fwp%2Fv2%2Fmedia&parent=26"}],"curies":[{"name":"wp","href":"https:\/\/api.w.org\/{rel}","templated":true}]}}