{"id":121,"date":"2022-02-10T01:12:03","date_gmt":"2022-02-10T00:12:03","guid":{"rendered":"http:\/\/skokporekord.pl\/?page_id=121"},"modified":"2022-02-10T01:18:37","modified_gmt":"2022-02-10T00:18:37","slug":"zygmunt-merchelski-1938-2022","status":"publish","type":"page","link":"http:\/\/skokporekord.pl\/?page_id=121","title":{"rendered":"Zygmunt Merchelski (1938-2022)"},"content":{"rendered":"<p><strong><img loading=\"lazy\" decoding=\"async\" class=\"alignnone wp-image-122\" src=\"http:\/\/skokporekord.pl\/wp-content\/uploads\/2022\/02\/merchelski-246x300.jpg\" alt=\"Zygmunt Merchelski\" width=\"295\" height=\"360\" data-id=\"122\" srcset=\"http:\/\/skokporekord.pl\/wp-content\/uploads\/2022\/02\/merchelski-246x300.jpg 246w, http:\/\/skokporekord.pl\/wp-content\/uploads\/2022\/02\/merchelski.jpg 396w\" sizes=\"auto, (max-width: 295px) 100vw, 295px\" \/><\/strong><\/p>\n<h1><strong>Zygmunt Merchelski<\/strong><\/h1>\n<p><strong>zas\u0142u\u017cony zawodnik, trener i s\u0119dzia p\u0142ywania, wychowawca m\u0142odzie\u017cy, wieloletni dzia\u0142acz polskiego i okr\u0119gowego zwi\u0105zku p\u0142ywackiego.<\/strong><\/p>\n<p>Od 1954 roku przez 11 lat czynny zawodnik wroc\u0142awskich klub\u00f3w p\u0142ywackich: MKS \u201eJuvenia\u201d, WKS \u201e\u015al\u0105sk\u201d, AZS. Czo\u0142owy zawodnik Dolnego \u015al\u0105ska, finalista Mistrzostw Polski w stylu motylkowym. Wielokrotny Mistrz Polski w zawodach Szkolnego Zwi\u0105zku Sportowego, Akademickiego Zwi\u0105zku Sportowego oraz Wojska Polskiego. W latach 1963 \u2013 1964 wraz z zespo\u0142em p\u0142ywak\u00f3w WKS \u201e\u015al\u0105sk\u201d zdoby\u0142 dru\u017cynowe mistrzostwo Polski.<\/p>\n<p>Po uko\u0144czeniu studi\u00f3w na wroc\u0142awskiej Wy\u017cszej Szkole Wychowania Fizycznego &#8211; specjalizacja: p\u0142ywanie &#8211; w 1964 roku zaj\u0105\u0142 si\u0119 prac\u0105 szkoleniow\u0105 w klubie WKS \u015aL\u0104SK Wroc\u0142aw, a od 1984 roku w MKS JUVENIA Wroc\u0142aw. R\u00f3wnocze\u015bnie z prac\u0105 w klubach rozwija\u0142 wsp\u00f3\u0142prac\u0119 ze szko\u0142ami wroc\u0142awskimi, mi\u0119dzy innymi z SP 55, SP 47, SP 81 oraz VII LO we Wroc\u0142awiu, umo\u017cliwiaj\u0105c dzieciom i m\u0142odzie\u017cy \u0142\u0105czy\u0107 sport z nauk\u0105. W latach 1984-1990 by\u0142 wicedyrektorem ds. sportu w Sportowej Szkole Podstawowej nr 72 we Wroc\u0142awiu, jednocze\u015bnie b\u0119d\u0105c trenerem MKS \u201eJuvenia\u201d.<\/p>\n<p>Po zako\u0144czeniu pracy trenerskiej w latach dziewi\u0119\u0107dziesi\u0105tych zaanga\u017cowa\u0142 si\u0119 w dzia\u0142alno\u015b\u0107 spo\u0142eczn\u0105 na rzecz dolno\u015bl\u0105skiego p\u0142ywania. Przez kilka lat pe\u0142ni\u0142 funkcj\u0119 wiceprezesa Dolno\u015bl\u0105skiego Okr\u0119gowego Zwi\u0105zku P\u0142ywackiego, by\u0142 cz\u0142onkiem Polskiego Zwi\u0105zku P\u0142ywackiego oraz wiceprzewodnicz\u0105cym Kolegium S\u0119dzi\u00f3w przy DOZP.<\/p>\n<p>W swojej d\u0142ugoletniej karierze trenerskiej wychowa\u0142 wiele pokole\u0144 wroc\u0142awskich p\u0142ywak\u00f3w, kt\u00f3rzy zdobywali tytu\u0142y Mistrz\u00f3w Polski, ustanawiali rekordy kraju oraz reprezentowali nasz kraj na arenie mi\u0119dzynarodowej we wszystkich kategoriach wiekowych. Za sw\u0105 oddan\u0105 prac\u0119 w rozw\u00f3j p\u0142ywania w Polsce by\u0142 wielokrotnie uhonorowany odznaczeniami pa\u0144stwowymi i samorz\u0105dowymi m.in.:<\/p>\n<ol>\n<li>Z\u0142oty Krzy\u017c Zas\u0142ugi otrzymany w 1989<\/li>\n<li>Medal 60 i 90-lecia PZP.<\/li>\n<li>Medale SZS Wroc\u0142aw za zas\u0142ugi otrzymany w 1985r. i 2006r.<\/li>\n<li>Zas\u0142u\u017cony dla woj. wroc\u0142awskiego i miasta Wroc\u0142awia otrzymany w 1987<\/li>\n<\/ol>\n<p>Po przej\u015bciu na emerytur\u0119 w 1990 roku pracowa\u0142 we w\u0142adzach Dolno\u015bl\u0105skiego Okr\u0119gowego Zwi\u0105zku P\u0142ywackiego i Wojew\u00f3dzkiej Federacji Sportu. Na jedn\u0105 kadencj\u0119 wybrany do zarz\u0105du Polskiego Zwi\u0105zku P\u0142ywackiego. Przewodnicz\u0105cy Kolegium S\u0119dzi\u00f3w przy DOZP w latach 2008-2012. Przez wiele lat by\u0142 s\u0119dzi\u0105\u00a0p\u0142ywania klasy zwi\u0105zkowej.<\/p>\n","protected":false},"excerpt":{"rendered":"<p>Zygmunt Merchelski zas\u0142u\u017cony zawodnik, trener i s\u0119dzia p\u0142ywania, wychowawca m\u0142odzie\u017cy, wieloletni dzia\u0142acz polskiego i okr\u0119gowego zwi\u0105zku p\u0142ywackiego. Od 1954 roku przez 11 lat czynny zawodnik wroc\u0142awskich klub\u00f3w p\u0142ywackich: MKS \u201eJuvenia\u201d, WKS \u201e\u015al\u0105sk\u201d, AZS. Czo\u0142owy zawodnik Dolnego \u015al\u0105ska, finalista Mistrzostw Polski &hellip; <a href=\"http:\/\/skokporekord.pl\/?page_id=121\">Continue reading <span class=\"meta-nav\">&rarr;<\/span><\/a><\/p>\n","protected":false},"author":1,"featured_media":0,"parent":79,"menu_order":2,"comment_status":"closed","ping_status":"closed","template":"","meta":{"footnotes":""},"class_list":["post-121","page","type-page","status-publish","hentry"],"_links":{"self":[{"href":"http:\/\/skokporekord.pl\/index.php?rest_route=\/wp\/v2\/pages\/121","targetHints":{"allow":["GET"]}}],"collection":[{"href":"http:\/\/skokporekord.pl\/index.php?rest_route=\/wp\/v2\/pages"}],"about":[{"href":"http:\/\/skokporekord.pl\/index.php?rest_route=\/wp\/v2\/types\/page"}],"author":[{"embeddable":true,"href":"http:\/\/skokporekord.pl\/index.php?rest_route=\/wp\/v2\/users\/1"}],"replies":[{"embeddable":true,"href":"http:\/\/skokporekord.pl\/index.php?rest_route=%2Fwp%2Fv2%2Fcomments&post=121"}],"version-history":[{"count":1,"href":"http:\/\/skokporekord.pl\/index.php?rest_route=\/wp\/v2\/pages\/121\/revisions"}],"predecessor-version":[{"id":123,"href":"http:\/\/skokporekord.pl\/index.php?rest_route=\/wp\/v2\/pages\/121\/revisions\/123"}],"up":[{"embeddable":true,"href":"http:\/\/skokporekord.pl\/index.php?rest_route=\/wp\/v2\/pages\/79"}],"wp:attachment":[{"href":"http:\/\/skokporekord.pl\/index.php?rest_route=%2Fwp%2Fv2%2Fmedia&parent=121"}],"curies":[{"name":"wp","href":"https:\/\/api.w.org\/{rel}","templated":true}]}}